{"id":1078,"date":"2024-10-24T09:15:42","date_gmt":"2024-10-24T07:15:42","guid":{"rendered":"https:\/\/www.zedenadvocaat.be\/?page_id=1078"},"modified":"2024-10-24T09:16:29","modified_gmt":"2024-10-24T07:16:29","slug":"cookieverklaring","status":"publish","type":"page","link":"https:\/\/www.zedenadvocaat.be\/fr\/cookieverklaring","title":{"rendered":"D\u00e9claration de cookie"},"content":{"rendered":"<h2 class=\"wp-block-heading\"><strong>1. QU'EST-CE QU'UN COOKIE ?<\/strong><\/h2>\n\n\n\n<p>BANNISTER ADVOCATES utilise des cookies. Il s'agit de petits fichiers texte qui peuvent \u00eatre utilis\u00e9s par les sites web pour rendre l'exp\u00e9rience de l'utilisateur plus agr\u00e9able et plus efficace. Les cookies permettent, par exemple, de rester connect\u00e9 sur un site web ou de m\u00e9moriser vos pr\u00e9f\u00e9rences, telles que les param\u00e8tres de localisation et de langue.<\/p>\n\n\n\n<h2 class=\"wp-block-heading\"><strong>2. POURQUOI UTILISONS-NOUS DES COOKIES ?<\/strong><\/h2>\n\n\n\n<p>BANNISTER ADVOCATES utilise des cookies pour rendre le site web plus simple et plus convivial.<\/p>\n\n\n\n<h2 class=\"wp-block-heading\"><strong>3. QUELS TYPES DE COOKIES UTILISONS-NOUS ?<\/strong><\/h2>\n\n\n\n<p>Ce site web n'utilise que des cookies n\u00e9cessaires. Ces cookies sont n\u00e9cessaires au bon fonctionnement de notre site web et garantissent sa convivialit\u00e9.  Ces cookies ne sont pas utilis\u00e9s pour vous identifier en tant que visiteur de notre site web.<\/p>\n\n\n\n<h2 class=\"wp-block-heading\"><strong>APER\u00c7U DES COOKIES UTILIS\u00c9S SUR CE SITE WEB<\/strong><\/h2>\n\n\n\n<p>Vous trouverez ci-dessous une liste de tous les cookies n\u00e9cessaires utilis\u00e9s sur ce site web.<\/p>\n\n\n\n<p>Si vous constatez que d'autres cookies seraient plac\u00e9s via notre site web, nous vous remercions de nous en informer imm\u00e9diatement afin que nous puissions proc\u00e9der aux ajustements n\u00e9cessaires.<\/p>\n\n\n\n<h2 class=\"wp-block-heading\"><strong>N\u00c9CESSAIRE (3)<\/strong><\/h2>\n\n\n\n<p>Les cookies n\u00e9cessaires (cookies fonctionnels) contribuent \u00e0 rendre un site web utilisable, en permettant des fonctions de base telles que la navigation sur les pages et l'acc\u00e8s aux zones s\u00e9curis\u00e9es du site web. Sans ces cookies, le site web ne peut pas fonctionner correctement. Les cookies n\u00e9cessaires ne requi\u00e8rent pas de consentement.<\/p>\n\n\n\n<figure class=\"wp-block-table\"><table class=\"has-fixed-layout\"><thead><tr><td><strong>Nom<\/strong><\/td><td><strong>Fournisseur<\/strong><\/td><td><strong>Cible<\/strong><\/td><td><strong>Date d'expiration<\/strong><\/td><td><strong>Type<\/strong><\/td><\/tr><\/thead><tbody><tr><td>rc::a<\/td><td>google.com<\/td><td>Ne fait pas la distinction entre un humain et un robot<\/td><td>permanent<\/td><td>HTML<\/td><\/tr><tr><td>rc::b<\/td><td>google.com<\/td><td>Ne fait pas la distinction entre un humain et un robot<\/td><td>Session<\/td><td>HTML<\/td><\/tr><tr><td>rc::c<\/td><td>google.com<\/td><td>Ne fait pas la distinction entre un humain et un robot<\/td><td>Session<\/td><td>HTML<\/td><\/tr><\/tbody><\/table><\/figure>\n\n\n\n<h2 class=\"wp-block-heading\"><strong>4. ADAPTATION DE LA D\u00c9CLARATION DE COOKIE<\/strong><\/h2>\n\n\n\n<p>De temps \u00e0 autre, il peut s'av\u00e9rer n\u00e9cessaire de modifier la pr\u00e9sente politique en mati\u00e8re de cookies. Nous nous r\u00e9servons donc le droit de la modifier.<\/p>\n\n\n\n<p>Les modifications seront publi\u00e9es sur ce site. Nous vous encourageons donc \u00e0 revenir r\u00e9guli\u00e8rement pour v\u00e9rifier si des changements ont \u00e9t\u00e9 apport\u00e9s.<\/p>\n\n\n\n<p>Cette d\u00e9claration relative aux cookies a \u00e9t\u00e9 modifi\u00e9e pour la derni\u00e8re fois le 12\/02\/ 2020.<\/p>\n\n\n\n<h2 class=\"wp-block-heading\"><strong>5. CONTACT<\/strong><\/h2>\n\n\n\n<p>Si vous avez des questions\/commentaires, veuillez contacter <a href=\"mailto:gdpr@bannister.be\">gdpr@bannister.be<\/a><\/p>\n\n\n\n<p>Notre politique de confidentialit\u00e9 vous explique qui nous sommes, comment nous contacter et comment nous traitons les donn\u00e9es personnelles.<\/p>","protected":false},"excerpt":{"rendered":"<p>1. WAT ZIJN COOKIES? BANNISTER ADVOCATEN maakt gebruik van cookies. Dat zijn kleine tekstbestanden die door websites kunnen worden gebruikt om gebruikerservaringen aangenamer en effici\u00ebnter te maken. Cookies zorgen er bijvoorbeeld voor dat u ingelogd kan blijven op een website of dat uw voorkeuren, zoals locatie \u2013 en taalinstellingen, worden onthouden. 2. WAAR GEBRUIKEN WE [&hellip;]<\/p>","protected":false},"author":2,"featured_media":0,"parent":0,"menu_order":0,"comment_status":"closed","ping_status":"closed","template":"","meta":{"_acf_changed":false,"footnotes":""},"page-category":[25],"class_list":["post-1078","page","type-page","status-publish","hentry","page-category-legal"],"acf":[],"_links":{"self":[{"href":"https:\/\/www.zedenadvocaat.be\/fr\/wp-json\/wp\/v2\/pages\/1078","targetHints":{"allow":["GET"]}}],"collection":[{"href":"https:\/\/www.zedenadvocaat.be\/fr\/wp-json\/wp\/v2\/pages"}],"about":[{"href":"https:\/\/www.zedenadvocaat.be\/fr\/wp-json\/wp\/v2\/types\/page"}],"author":[{"embeddable":true,"href":"https:\/\/www.zedenadvocaat.be\/fr\/wp-json\/wp\/v2\/users\/2"}],"replies":[{"embeddable":true,"href":"https:\/\/www.zedenadvocaat.be\/fr\/wp-json\/wp\/v2\/comments?post=1078"}],"version-history":[{"count":3,"href":"https:\/\/www.zedenadvocaat.be\/fr\/wp-json\/wp\/v2\/pages\/1078\/revisions"}],"predecessor-version":[{"id":1081,"href":"https:\/\/www.zedenadvocaat.be\/fr\/wp-json\/wp\/v2\/pages\/1078\/revisions\/1081"}],"wp:attachment":[{"href":"https:\/\/www.zedenadvocaat.be\/fr\/wp-json\/wp\/v2\/media?parent=1078"}],"wp:term":[{"taxonomy":"page-category","embeddable":true,"href":"https:\/\/www.zedenadvocaat.be\/fr\/wp-json\/wp\/v2\/page-category?post=1078"}],"curies":[{"name":"wp","href":"https:\/\/api.w.org\/{rel}","templated":true}]}}